{"id":1160,"date":"2024-09-27T23:13:43","date_gmt":"2024-09-28T03:13:43","guid":{"rendered":"https:\/\/alulast.com\/warranty-copy\/"},"modified":"2025-04-09T16:19:55","modified_gmt":"2025-04-09T20:19:55","slug":"cookie-policy","status":"publish","type":"page","link":"https:\/\/alulast.com\/fr\/politique-de-cookies\/","title":{"rendered":"Politique de cookies"},"content":{"rendered":"<div data-elementor-type=\"wp-page\" data-elementor-id=\"1160\" class=\"elementor elementor-1160\" data-elementor-post-type=\"page\">\n\t\t\t\t<div class=\"elementor-element elementor-element-f1aa839 e-con-full e-flex e-con e-parent\" data-id=\"f1aa839\" data-element_type=\"container\" data-settings=\"{&quot;background_background&quot;:&quot;classic&quot;,&quot;_ob_use_container_extras&quot;:&quot;no&quot;,&quot;_ob_column_hoveranimator&quot;:&quot;no&quot;,&quot;_ob_glider_is_slider&quot;:&quot;no&quot;,&quot;_ob_column_has_pseudo&quot;:&quot;no&quot;}\">\n\t\t<div class=\"elementor-element elementor-element-14e814e e-con-full e-flex e-con e-child\" data-id=\"14e814e\" data-element_type=\"container\" data-settings=\"{&quot;_ob_use_container_extras&quot;:&quot;no&quot;,&quot;_ob_column_hoveranimator&quot;:&quot;no&quot;,&quot;_ob_glider_is_slider&quot;:&quot;no&quot;,&quot;_ob_column_has_pseudo&quot;:&quot;no&quot;}\">\n\t\t\t\t<div class=\"elementor-element elementor-element-a20d6c8 ob-harakiri-inherit ob-has-background-overlay elementor-widget elementor-widget-heading\" data-id=\"a20d6c8\" data-element_type=\"widget\" data-settings=\"{&quot;_ob_use_harakiri&quot;:&quot;yes&quot;,&quot;_ob_harakiri_writing_mode&quot;:&quot;inherit&quot;,&quot;_ob_harakiri_text_clip&quot;:&quot;none&quot;,&quot;_ob_widget_stalker_use&quot;:&quot;no&quot;,&quot;_ob_poopart_use&quot;:&quot;yes&quot;,&quot;_ob_shadough_use&quot;:&quot;no&quot;,&quot;_ob_allow_hoveranimator&quot;:&quot;no&quot;}\" data-widget_type=\"heading.default\">\n\t\t\t\t<div class=\"elementor-widget-container\">\n\t\t\t<style>\/*! elementor - v3.21.0 - 18-04-2024 *\/\n.elementor-heading-title{padding:0;margin:0;line-height:1}.elementor-widget-heading .elementor-heading-title[class*=elementor-size-]>a{color:inherit;font-size:inherit;line-height:inherit}.elementor-widget-heading .elementor-heading-title.elementor-size-small{font-size:15px}.elementor-widget-heading .elementor-heading-title.elementor-size-medium{font-size:19px}.elementor-widget-heading .elementor-heading-title.elementor-size-large{font-size:29px}.elementor-widget-heading .elementor-heading-title.elementor-size-xl{font-size:39px}.elementor-widget-heading .elementor-heading-title.elementor-size-xxl{font-size:59px}<\/style><h2 class=\"elementor-heading-title elementor-size-default\">Politique concernant les cookies<\/h2>\t\t<\/div>\n\t\t\t\t<\/div>\n\t\t\t\t<\/div>\n\t\t<div class=\"elementor-element elementor-element-39a4071 e-con-full e-flex e-con e-child\" data-id=\"39a4071\" data-element_type=\"container\" data-settings=\"{&quot;_ob_use_container_extras&quot;:&quot;no&quot;,&quot;_ob_column_hoveranimator&quot;:&quot;no&quot;,&quot;_ob_glider_is_slider&quot;:&quot;no&quot;,&quot;_ob_column_has_pseudo&quot;:&quot;no&quot;}\">\n\t\t\t\t<\/div>\n\t\t\t\t<\/div>\n\t\t<div class=\"elementor-element elementor-element-30b8dc7 e-con-full e-flex e-con e-parent\" data-id=\"30b8dc7\" data-element_type=\"container\" data-settings=\"{&quot;background_background&quot;:&quot;classic&quot;,&quot;_ob_use_container_extras&quot;:&quot;no&quot;,&quot;_ob_column_hoveranimator&quot;:&quot;no&quot;,&quot;_ob_glider_is_slider&quot;:&quot;no&quot;,&quot;_ob_column_has_pseudo&quot;:&quot;no&quot;}\">\n\t\t<div class=\"elementor-element elementor-element-4f8394e e-con-full e-flex e-con e-child\" data-id=\"4f8394e\" data-element_type=\"container\" data-settings=\"{&quot;_ob_use_container_extras&quot;:&quot;no&quot;,&quot;_ob_column_hoveranimator&quot;:&quot;no&quot;,&quot;_ob_glider_is_slider&quot;:&quot;no&quot;,&quot;_ob_column_has_pseudo&quot;:&quot;no&quot;}\">\n\t\t\t\t<div class=\"elementor-element elementor-element-2890546 ob-harakiri-inherit ob-has-background-overlay elementor-widget elementor-widget-text-editor\" data-id=\"2890546\" data-element_type=\"widget\" data-settings=\"{&quot;_ob_use_harakiri&quot;:&quot;yes&quot;,&quot;_ob_harakiri_writing_mode&quot;:&quot;inherit&quot;,&quot;_ob_postman_use&quot;:&quot;no&quot;,&quot;_ob_widget_stalker_use&quot;:&quot;no&quot;,&quot;_ob_poopart_use&quot;:&quot;yes&quot;,&quot;_ob_shadough_use&quot;:&quot;no&quot;,&quot;_ob_allow_hoveranimator&quot;:&quot;no&quot;}\" data-widget_type=\"text-editor.default\">\n\t\t\t\t<div class=\"elementor-widget-container\">\n\t\t\t<style>\/*! elementor - v3.21.0 - 18-04-2024 *\/\n.elementor-widget-text-editor.elementor-drop-cap-view-stacked .elementor-drop-cap{background-color:#69727d;color:#fff}.elementor-widget-text-editor.elementor-drop-cap-view-framed .elementor-drop-cap{color:#69727d;border:3px solid;background-color:transparent}.elementor-widget-text-editor:not(.elementor-drop-cap-view-default) .elementor-drop-cap{margin-top:8px}.elementor-widget-text-editor:not(.elementor-drop-cap-view-default) .elementor-drop-cap-letter{width:1em;height:1em}.elementor-widget-text-editor .elementor-drop-cap{float:left;text-align:center;line-height:1;font-size:50px}.elementor-widget-text-editor .elementor-drop-cap-letter{display:inline-block}<\/style>\t\t\t\t<h3><strong>Derni\u00e8re mise \u00e0 jour le 03 d\u00e9cembre 2024<\/strong><\/h3><p>La pr\u00e9sente politique en mati\u00e8re de cookies explique comment ALULAST INC. (la \u00ab<strong>Compagnie<\/strong>\u00ab, \u00bb<strong>nous<\/strong>\u00ab, \u00bb<strong>notre<\/strong>\u00bb et \u00bb<strong>nos<\/strong>\u00ab) utilise des cookies et des technologies similaires pour vous reconna\u00eetre lorsque vous visitez notre site Web \u00e0 l\u2019adresse http:\/\/www.alulast.com (le \u00ab<strong>Site Web<\/strong>\u00bb). Il explique ce que sont ces technologies et pourquoi nous les utilisons, ainsi que les droits dont vous disposez pour contr\u00f4ler l\u2019utilisation que nous en faisons.<\/p><p>Dans certains cas, nous pouvons utiliser des cookies pour collecter des informations personnelles, ou qui deviennent des informations personnelles si nous les combinons avec d\u2019autres informations.<\/p><h2><strong>Qu\u2019est-ce que les cookies ?<\/strong><\/h2><p>Les cookies sont de petits fichiers de donn\u00e9es qui sont plac\u00e9s sur votre ordinateur ou votre appareil mobile lorsque vous visitez un site web. Les cookies sont largement utilis\u00e9s par les propri\u00e9taires de sites Web afin de faire fonctionner leurs sites ou de les rendre plus efficaces, ainsi que pour fournir des informations de rapport.<\/p><p>Les cookies mis en place par le propri\u00e9taire du site Web (dans le cas pr\u00e9sent, ALULAST INC.) sont appel\u00e9s \u00abcookies de premi\u00e8re partie\u00bb. Les cookies mis en place par des parties autres que le propri\u00e9taire du site Web sont appel\u00e9s \u00abcookies de tiers\u00bb. Les cookies de tiers permettent de fournir des caract\u00e9ristiques ou des fonctionnalit\u00e9s de tiers sur ou via le site web (par exemple, la publicit\u00e9, le contenu interactif et l\u2019analyse). Les parties qui d\u00e9finissent ces cookies tiers peuvent reconna\u00eetre votre ordinateur lorsqu\u2019il visite le site web en question et \u00e9galement lorsqu\u2019il visite certains autres sites web.<\/p><h2><strong>Pourquoi utilisons-nous des cookies ?<\/strong><\/h2><p>Nous utilisons des cookies de premi\u00e8re et de tierce partie pour plusieurs raisons. Certains cookies sont n\u00e9cessaires pour des raisons techniques afin que notre site web fonctionne, et nous les appelons cookies \u00abessentiels\u00bb ou \u00abstrictement n\u00e9cessaires\u00bb. D\u2019autres cookies nous permettent \u00e9galement de suivre et de cibler les int\u00e9r\u00eats de nos utilisateurs afin d\u2019am\u00e9liorer l\u2019exp\u00e9rience sur nos propri\u00e9t\u00e9s en ligne. Des tiers utilisent des cookies sur notre site web \u00e0 des fins de publicit\u00e9, d\u2019analyse et autres. Ceci est d\u00e9crit plus en d\u00e9tail ci-dessous.<\/p><h2><strong>Comment puis-je contr\u00f4ler les cookies ?<\/strong><\/h2><p>Vous avez le droit d\u2019accepter ou de refuser les cookies. Vous pouvez exercer vos droits en mati\u00e8re de cookies en d\u00e9finissant vos pr\u00e9f\u00e9rences dans le gestionnaire de consentement aux cookies. Le gestionnaire de consentement aux cookies vous permet de s\u00e9lectionner les cat\u00e9gories de cookies que vous acceptez ou refusez. Les cookies essentiels ne peuvent pas \u00eatre rejet\u00e9s car ils sont strictement n\u00e9cessaires pour vous fournir des services.<\/p><p>Le gestionnaire de consentement aux cookies se trouve dans la banni\u00e8re de notification et sur notre site web. Si vous choisissez de rejeter les cookies, vous pouvez toujours utiliser notre site web, mais votre acc\u00e8s \u00e0 certaines fonctionnalit\u00e9s et zones de notre site web peut \u00eatre limit\u00e9. Vous pouvez \u00e9galement param\u00e9trer ou modifier les contr\u00f4les de votre navigateur web afin d\u2019accepter ou de refuser les cookies.<\/p><p>Les types sp\u00e9cifiques de cookies de premi\u00e8re et de tierce partie utilis\u00e9s sur notre site web et les objectifs qu\u2019ils poursuivent sont d\u00e9crits dans le tableau ci-dessous (veuillez noter que les cookies sp\u00e9cifiques utilis\u00e9s peuvent varier en fonction des propri\u00e9t\u00e9s en ligne que vous visitez) :<\/p><p><strong><u>Cookies non class\u00e9s :<\/u><\/strong><\/p><p><strong>\u00a0<\/strong>Il s\u2019agit de cookies qui n\u2019ont pas encore \u00e9t\u00e9 class\u00e9s. Nous sommes en train de classer ces cookies avec l\u2019aide de leurs fournisseurs.<\/p><h2><strong>Comment puis-je contr\u00f4ler les cookies dans mon navigateur ?<\/strong><\/h2><p>Comme les moyens de refuser les cookies par le biais des commandes de votre navigateur web varient d\u2019un navigateur \u00e0 l\u2019autre, vous devriez consulter le menu d\u2019aide de votre navigateur pour plus d\u2019informations. Vous trouverez ci-dessous des informations sur la mani\u00e8re de g\u00e9rer les cookies dans les navigateurs les plus courants :<\/p><ul><li><a href=\"https:\/\/support.google.com\/chrome\/answer\/95647#zippy%3D%2Callow-or-block-cookies\" target=\"_blank\" rel=\"noopener\">Chrome<\/a><\/li><li><a href=\"https:\/\/support.microsoft.com\/en-us\/windows\/delete-and-manage-cookies-168dab11-0753-043d-7c16-ede5947fc64d\" target=\"_blank\" rel=\"noopener\">Internet Explorer<\/a><\/li><li><a href=\"https:\/\/support.mozilla.org\/en-US\/kb\/enhanced-tracking-protection-firefox-desktop?redirectslug=enable-and-disable-cookies-website-preferences&amp;redirectlocale=en-US\" target=\"_blank\" rel=\"noopener\">Firefox<\/a><\/li><li><a href=\"https:\/\/support.apple.com\/en-ie\/guide\/safari\/sfri11471\/mac\" target=\"_blank\" rel=\"noopener\">Safari<\/a><\/li><li><a href=\"https:\/\/support.microsoft.com\/en-us\/windows\/microsoft-edge-browsing-data-and-privacy-bb8174ba-9d73-dcf2-9b4a-c582b4e640dd\" target=\"_blank\" rel=\"noopener\">Edge<\/a><\/li><li><a href=\"https:\/\/help.opera.com\/en\/latest\/web-preferences\/\" target=\"_blank\" rel=\"noopener\">Opera<\/a><\/li><\/ul><p>De plus, la plupart des r\u00e9seaux publicitaires vous offrent la possibilit\u00e9 de refuser la publicit\u00e9 cibl\u00e9e. Si vous souhaitez obtenir de plus amples informations, veuillez consulter les sites suivants :<\/p><ul><li><a href=\"http:\/\/www.aboutads.info\/choices\/\" target=\"_blank\" rel=\"noopener\">Digital Advertising Alliance<\/a><\/li><li><a href=\"https:\/\/youradchoices.ca\/\" target=\"_blank\" rel=\"noopener\">Digital Advertising Alliance of Canada<\/a><\/li><li><a href=\"http:\/\/www.youronlinechoices.com\/\" target=\"_blank\" rel=\"noopener\">European Interactive Digital Advertising Alliance<\/a><\/li><\/ul><h2><strong>Qu\u2019en est-il des autres technologies de suivi, comme les balises web ?<\/strong><\/h2><p>Les cookies ne sont pas le seul moyen de reconna\u00eetre ou de suivre les visiteurs d\u2019un site web. Nous pouvons utiliser d\u2019autres technologies similaires de temps \u00e0 autre, comme les balises web (parfois appel\u00e9es \u00abpixels de suivi\u00bb ou \u00abpixels invisibles\u00bb). Il s\u2019agit de minuscules fichiers graphiques contenant un identifiant unique qui nous permet de savoir si quelqu\u2019un a visit\u00e9 notre site web ou ouvert un courrier \u00e9lectronique les contenant. Cela nous permet, par exemple, de suivre les sch\u00e9mas de trafic des utilisateurs d\u2019une page \u00e0 l\u2019autre d\u2019un site web, de d\u00e9livrer des cookies ou de communiquer avec eux, de comprendre si vous \u00eates arriv\u00e9 sur le site web \u00e0 partir d\u2019une publicit\u00e9 en ligne affich\u00e9e sur le site web d\u2019un tiers, d\u2019am\u00e9liorer les performances du site et de mesurer le succ\u00e8s des campagnes de marketing par courrier \u00e9lectronique. Dans de nombreux cas, ces technologies d\u00e9pendent des cookies pour fonctionner correctement, de sorte que le refus des cookies entravera leur fonctionnement.<\/p><h2><strong>Utilisez-vous des cookies Flash ou des objets locaux partag\u00e9s  ?<\/strong><\/h2><p><strong>\u00a0<\/strong>Les sites web peuvent \u00e9galement utiliser des \u00abcookies Flash\u00bb (\u00e9galement connus sous le nom d\u2019objets locaux partag\u00e9s ou \u00abLSO\u00bb) pour, entre autres, collecter et stocker des informations sur votre utilisation de nos services, pr\u00e9venir les fraudes et assurer d\u2019autres op\u00e9rations sur le site.<\/p><p>Si vous ne souhaitez pas que des cookies Flash soient stock\u00e9s sur votre ordinateur, vous pouvez ajuster les param\u00e8tres de votre lecteur Flash afin de bloquer le stockage des cookies Flash \u00e0 l\u2019aide des outils contenus dans le\u00a0<a href=\"http:\/\/www.macromedia.com\/support\/documentation\/en\/flashplayer\/help\/settings_manager07.html\" target=\"_blank\" rel=\"noopener\">panneau des param\u00e8tres de stockage du site web.<\/a>Vous pouvez \u00e9galement contr\u00f4ler les cookies Flash en vous rendant dans le\u00a0<a href=\"http:\/\/www.macromedia.com\/support\/documentation\/en\/flashplayer\/help\/settings_manager03.html\" target=\"_blank\" rel=\"noopener\">panneau des param\u00e8tres de stockage global<\/a>\u00a0et en suivant les instructions (qui peuvent inclure des instructions expliquant, par exemple, comment supprimer les cookies Flash existants (appel\u00e9s \u00abinformations\u00bb sur le site de Macromedia), comment emp\u00eacher les LSO Flash d\u2019\u00eatre plac\u00e9s sur votre ordinateur sans que vous le demandiez et (pour Flash Player 8 et les versions ult\u00e9rieures) comment bloquer les cookies Flash qui ne sont pas d\u00e9livr\u00e9s par l\u2019op\u00e9rateur de la page sur laquelle vous vous trouvez \u00e0 ce moment-l\u00e0).<\/p><p>Veuillez noter que le param\u00e9trage de Flash Player pour restreindre ou limiter l\u2019acceptation des cookies Flash peut r\u00e9duire ou entraver la fonctionnalit\u00e9 de certaines applications Flash, y compris, potentiellement, les applications Flash utilis\u00e9es en relation avec nos services ou notre contenu en ligne.<\/p><h2><strong>Faites-vous de la publicit\u00e9 cibl\u00e9e ?<\/strong><\/h2><p>Des tiers peuvent placer des cookies sur votre ordinateur ou votre appareil mobile pour diffuser de la publicit\u00e9 sur notre site web. Ces soci\u00e9t\u00e9s peuvent utiliser les informations relatives \u00e0 vos visites sur ce site et sur d\u2019autres sites web afin de vous proposer des publicit\u00e9s pertinentes sur des biens et des services susceptibles de vous int\u00e9resser. Elles peuvent \u00e9galement utiliser une technologie permettant de mesurer l\u2019efficacit\u00e9 des publicit\u00e9s. Pour ce faire, ils peuvent utiliser des cookies ou des balises web<\/p><p>pour collecter des informations sur vos visites sur ce site et d\u2019autres sites afin de vous proposer des publicit\u00e9s pertinentes sur les biens et services susceptibles de vous int\u00e9resser. Les informations collect\u00e9es par ce biais ne nous permettent pas, ni \u00e0 eux, d\u2019identifier votre nom, vos coordonn\u00e9es ou d\u2019autres d\u00e9tails qui vous identifient directement, \u00e0 moins que vous ne choisissiez de les fournir.<\/p><h2><strong>\u00c0 quelle fr\u00e9quence mettrez-vous \u00e0 jour cette politique concernant les cookies ?<\/strong><\/h2><p><strong>\u00a0<\/strong>Nous pouvons mettre \u00e0 jour la pr\u00e9sente politique concernant les cookies de temps \u00e0 autre afin de refl\u00e9ter, par exemple, les changements apport\u00e9s aux cookies que nous utilisons ou pour d\u2019autres raisons op\u00e9rationnelles, juridiques ou r\u00e9glementaires. Nous vous invitons donc \u00e0 consulter r\u00e9guli\u00e8rement la pr\u00e9sente politique concernant cookies afin de vous tenir inform\u00e9s de l\u2019utilisation que nous faisons des cookies et des technologies connexes.<\/p><p>La date figurant en haut de la pr\u00e9sente politique concernant les cookies indique la date de sa derni\u00e8re mise \u00e0 jour.<\/p><h2><strong>O\u00f9 puis-je obtenir de plus amples informations ?<\/strong><\/h2><p>Si vous avez des questions sur notre utilisation des cookies ou d\u2019autres technologies, veuillez nous envoyer un courrier \u00e9lectronique \u00e0 l\u2019adresse suivante :\u00a0<a href=\"mailto:info@alulast.com\">info@alulast.com<\/a>\u00a0ou par courrier \u00e0 l\u2019adresse suivante :<\/p><p><strong>ALULAST INC.<\/strong><\/p><p>100 Stinson, Montr\u00e9al, QC H4N 2E7<\/p><p>T\u00e9l\u00e9phone: <a href=\"tel:1-855-793-1400\" target=\"_blank\" rel=\"noopener\">1-855-793-1400<\/a><\/p>\t\t\t\t\t\t<\/div>\n\t\t\t\t<\/div>\n\t\t\t\t<\/div>\n\t\t\t\t<\/div>\n\t\t\t\t<\/div>","protected":false},"excerpt":{"rendered":"<p>Cookie POlicy Last updated May 03, 2024 This Cookie Policy explains how ALULAST INC. (\u201cCompany,\u201d \u201cwe,\u201d \u201cus,\u201d and \u201cour\u201c) uses cookies and similar technologies to recognize you when you visit our website at http:\/\/www.alulast.ca (\u201cWebsite\u201c). It explains what these technologies are and why we use them, as well as your rights to control our use [&hellip;]<\/p>","protected":false},"author":1,"featured_media":0,"parent":0,"menu_order":0,"comment_status":"closed","ping_status":"closed","template":"elementor_header_footer","meta":{"footnotes":""},"class_list":["post-1160","page","type-page","status-publish","hentry"],"_links":{"self":[{"href":"https:\/\/alulast.com\/fr\/wp-json\/wp\/v2\/pages\/1160","targetHints":{"allow":["GET"]}}],"collection":[{"href":"https:\/\/alulast.com\/fr\/wp-json\/wp\/v2\/pages"}],"about":[{"href":"https:\/\/alulast.com\/fr\/wp-json\/wp\/v2\/types\/page"}],"author":[{"embeddable":true,"href":"https:\/\/alulast.com\/fr\/wp-json\/wp\/v2\/users\/1"}],"replies":[{"embeddable":true,"href":"https:\/\/alulast.com\/fr\/wp-json\/wp\/v2\/comments?post=1160"}],"version-history":[{"count":27,"href":"https:\/\/alulast.com\/fr\/wp-json\/wp\/v2\/pages\/1160\/revisions"}],"predecessor-version":[{"id":2144,"href":"https:\/\/alulast.com\/fr\/wp-json\/wp\/v2\/pages\/1160\/revisions\/2144"}],"wp:attachment":[{"href":"https:\/\/alulast.com\/fr\/wp-json\/wp\/v2\/media?parent=1160"}],"curies":[{"name":"wp","href":"https:\/\/api.w.org\/{rel}","templated":true}]}}